{"id":80,"date":"2016-05-28T10:56:59","date_gmt":"2016-05-28T08:56:59","guid":{"rendered":"http:\/\/www.xn--tsv-brli-4za.at\/?page_id=80"},"modified":"2023-09-01T16:44:22","modified_gmt":"2023-09-01T14:44:22","slug":"team","status":"publish","type":"page","link":"https:\/\/www.xn--tsv-brli-4za.at\/?page_id=80","title":{"rendered":"Unser Team"},"content":{"rendered":"\t\t<div data-elementor-type=\"wp-post\" data-elementor-id=\"80\" class=\"elementor elementor-80\">\n\t\t\t\t\t\t\t\t\t<section class=\"elementor-section elementor-top-section elementor-element elementor-element-32b026e4 elementor-section-boxed elementor-section-height-default elementor-section-height-default\" data-id=\"32b026e4\" data-element_type=\"section\">\n\t\t\t\t\t\t<div class=\"elementor-container elementor-column-gap-default\">\n\t\t\t\t\t<div class=\"elementor-column elementor-col-100 elementor-top-column elementor-element elementor-element-5ff5cb0a\" data-id=\"5ff5cb0a\" data-element_type=\"column\">\n\t\t\t<div class=\"elementor-widget-wrap elementor-element-populated\">\n\t\t\t\t\t\t\t\t<div class=\"elementor-element elementor-element-8263aad elementor-widget elementor-widget-heading\" data-id=\"8263aad\" data-element_type=\"widget\" data-widget_type=\"heading.default\">\n\t\t\t\t<div class=\"elementor-widget-container\">\n\t\t\t<style>\/*! elementor - v3.17.0 - 25-10-2023 *\/\n.elementor-heading-title{padding:0;margin:0;line-height:1}.elementor-widget-heading .elementor-heading-title[class*=elementor-size-]>a{color:inherit;font-size:inherit;line-height:inherit}.elementor-widget-heading .elementor-heading-title.elementor-size-small{font-size:15px}.elementor-widget-heading .elementor-heading-title.elementor-size-medium{font-size:19px}.elementor-widget-heading .elementor-heading-title.elementor-size-large{font-size:29px}.elementor-widget-heading .elementor-heading-title.elementor-size-xl{font-size:39px}.elementor-widget-heading .elementor-heading-title.elementor-size-xxl{font-size:59px}<\/style><h2 class=\"elementor-heading-title elementor-size-default\">Das sind wir<\/h2>\t\t<\/div>\n\t\t\t\t<\/div>\n\t\t\t\t<div class=\"elementor-element elementor-element-f0fa88e elementor-widget elementor-widget-text-editor\" data-id=\"f0fa88e\" data-element_type=\"widget\" data-widget_type=\"text-editor.default\">\n\t\t\t\t<div class=\"elementor-widget-container\">\n\t\t\t<style>\/*! elementor - v3.17.0 - 25-10-2023 *\/\n.elementor-widget-text-editor.elementor-drop-cap-view-stacked .elementor-drop-cap{background-color:#69727d;color:#fff}.elementor-widget-text-editor.elementor-drop-cap-view-framed .elementor-drop-cap{color:#69727d;border:3px solid;background-color:transparent}.elementor-widget-text-editor:not(.elementor-drop-cap-view-default) .elementor-drop-cap{margin-top:8px}.elementor-widget-text-editor:not(.elementor-drop-cap-view-default) .elementor-drop-cap-letter{width:1em;height:1em}.elementor-widget-text-editor .elementor-drop-cap{float:left;text-align:center;line-height:1;font-size:50px}.elementor-widget-text-editor .elementor-drop-cap-letter{display:inline-block}<\/style>\t\t\t\t<p>Wir sind ein ehrenamtliches Team, das mit Herz und Seele im Tierschutz t\u00e4tig ist. Hier erf\u00e4hrst du mehr \u00fcber uns.<\/p>\t\t\t\t\t\t<\/div>\n\t\t\t\t<\/div>\n\t\t\t\t\t<\/div>\n\t\t<\/div>\n\t\t\t\t\t\t\t<\/div>\n\t\t<\/section>\n\t\t\t\t<section class=\"elementor-section elementor-top-section elementor-element elementor-element-98287b1 elementor-section-boxed elementor-section-height-default elementor-section-height-default\" data-id=\"98287b1\" data-element_type=\"section\">\n\t\t\t\t\t\t<div class=\"elementor-container elementor-column-gap-default\">\n\t\t\t\t\t<div class=\"elementor-column elementor-col-33 elementor-top-column elementor-element elementor-element-7d919ad\" data-id=\"7d919ad\" data-element_type=\"column\">\n\t\t\t<div class=\"elementor-widget-wrap elementor-element-populated\">\n\t\t\t\t\t\t\t\t<div class=\"elementor-element elementor-element-6a025e3 eael-team-align-eael-team-align-default elementor-widget elementor-widget-eael-team-member\" data-id=\"6a025e3\" data-element_type=\"widget\" data-widget_type=\"eael-team-member.default\">\n\t\t\t\t<div class=\"elementor-widget-container\">\n\t\t\t\n\n\t<div id=\"eael-team-member-6a025e3\" class=\"eael-team-item eael-team-members-simple \">\n\t\t<div class=\"eael-team-item-inner\">\n\t\t\t<div class=\"eael-team-image\">\n\t\t\t\t<figure>\n\t\t\t\t\t<img decoding=\"async\" src=\"https:\/\/www.xn--tsv-brli-4za.at\/wp-content\/uploads\/2016\/05\/robert-e1465066801910-300x300.jpg\" alt=\"\">\n\t\t\t\t<\/figure>\n\t\t\t\t\n\t\t\t\t\n\t\t\t<\/div>\n\n\t\t\t<div class=\"eael-team-content\">\n\t\t\t\t<h3 class=\"eael-team-member-name\">Robert Leitgeb<\/h3>\n\t\t\t\t<h4 class=\"eael-team-member-position\">Obmann<\/h4>\n\n\t\t\t\t\t\t\t\t\t\t\t\t\t\t<p class=\"eael-team-text\">Robert Leitgeb ist 42 Jahre alt, Berufsmusiker, gelernter Einzelhandelskaufmann, Hobby-Imker und vieles mehr. Gemeinsam mit seinen Eltern und Geschwistern hat er immer wieder verletzten und verwaisten Tieren geholfen. Ob Eule, Amsel, Katze - alle wurden zu Hause aufgenommen. Hunde und Katzen gab es immer im Haushalt, \u00fcber die wird heute noch gerne gesprochen.\n\nSein Papa, sein Bruder und er bauten in jungen Jahren eine H\u00fctte im Garten, welche jetzt dem Tierschutzverein B\u00e4rli als Pflegestelle f\u00fcr Katzen dient.<\/p>\n\t\t\t\t\t\t\t<\/div>\n\t\t<\/div>\n\t<\/div>\n\t\t\t<\/div>\n\t\t\t\t<\/div>\n\t\t\t\t\t<\/div>\n\t\t<\/div>\n\t\t\t\t<div class=\"elementor-column elementor-col-33 elementor-top-column elementor-element elementor-element-316419e\" data-id=\"316419e\" data-element_type=\"column\">\n\t\t\t<div class=\"elementor-widget-wrap elementor-element-populated\">\n\t\t\t\t\t\t\t\t<div class=\"elementor-element elementor-element-c01a3c8 eael-team-align-eael-team-align-default elementor-widget elementor-widget-eael-team-member\" data-id=\"c01a3c8\" data-element_type=\"widget\" data-widget_type=\"eael-team-member.default\">\n\t\t\t\t<div class=\"elementor-widget-container\">\n\t\t\t\n\n\t<div id=\"eael-team-member-c01a3c8\" class=\"eael-team-item eael-team-members-simple \">\n\t\t<div class=\"eael-team-item-inner\">\n\t\t\t<div class=\"eael-team-image\">\n\t\t\t\t<figure>\n\t\t\t\t\t<img decoding=\"async\" src=\"https:\/\/www.xn--tsv-brli-4za.at\/wp-content\/uploads\/2016\/05\/IMG-20160605-WA0000-300x300.jpg\" alt=\"\">\n\t\t\t\t<\/figure>\n\t\t\t\t\n\t\t\t\t\n\t\t\t<\/div>\n\n\t\t\t<div class=\"eael-team-content\">\n\t\t\t\t<h3 class=\"eael-team-member-name\">Christine Leitgeb<\/h3>\n\t\t\t\t<h4 class=\"eael-team-member-position\">Kassierin<\/h4>\n\n\t\t\t\t\t\t\t\t\t\t\t\t\t\t<p class=\"eael-team-text\">Christine Leitgeb ist 40 Jahre alt und arbeitet als Kinderbetreuerin im Kindergarten Wagna, in der Sonnenscheingruppe. Schon von klein auf wollte unsere Christine Tier\u00e4rztin werden und hat bereits als Kind allen Tieren geholfen.\n\nEgal ob Igel, V\u00f6gel, Fr\u00f6sche oder Schnecken \u2013 alles hat sie mit nach Hause genommen, auch wenn ihre Mama davon nicht so begeistert war.\nChristine hat bereits in einem Tierheim gearbeitet. In einem Tierpark konnte sie ebenfalls bereits Praxis mit den unterschiedlichsten Tieren sammeln.<\/p>\n\t\t\t\t\t\t\t<\/div>\n\t\t<\/div>\n\t<\/div>\n\t\t\t<\/div>\n\t\t\t\t<\/div>\n\t\t\t\t\t<\/div>\n\t\t<\/div>\n\t\t\t\t<div class=\"elementor-column elementor-col-33 elementor-top-column elementor-element elementor-element-cbfde13\" data-id=\"cbfde13\" data-element_type=\"column\">\n\t\t\t<div class=\"elementor-widget-wrap elementor-element-populated\">\n\t\t\t\t\t\t\t\t<div class=\"elementor-element elementor-element-8ee3481 eael-team-align-eael-team-align-default elementor-widget elementor-widget-eael-team-member\" data-id=\"8ee3481\" data-element_type=\"widget\" data-widget_type=\"eael-team-member.default\">\n\t\t\t\t<div class=\"elementor-widget-container\">\n\t\t\t\n\n\t<div id=\"eael-team-member-8ee3481\" class=\"eael-team-item eael-team-members-simple \">\n\t\t<div class=\"eael-team-item-inner\">\n\t\t\t<div class=\"eael-team-image\">\n\t\t\t\t<figure>\n\t\t\t\t\t<img decoding=\"async\" src=\"https:\/\/www.xn--tsv-brli-4za.at\/wp-content\/uploads\/2023\/08\/steffi-joko-300x300.jpg\" alt=\"\">\n\t\t\t\t<\/figure>\n\t\t\t\t\n\t\t\t\t\n\t\t\t<\/div>\n\n\t\t\t<div class=\"eael-team-content\">\n\t\t\t\t<h3 class=\"eael-team-member-name\">Steffi Hausbacher<\/h3>\n\t\t\t\t<h4 class=\"eael-team-member-position\">Schriftf\u00fchrerin<\/h4>\n\n\t\t\t\t\t\t\t\t\t\t\t\t\t\t<p class=\"eael-team-text\">Steffi Hausbacher ist 29 Jahre alt und die j\u00fcngere Schwester von Christine. Urspr\u00fcnglich kommt sie aus Zell am See, sie wohnt aber seit mehreren Jahren in Wien. Als IT-Consultant und Software-Entwicklerin ist Steffi beruflich sehr flexibel und daher auch viel unterwegs. Das erm\u00f6glicht es ihr, ihren Kater Joko bei Mama zuhause oder auch die aus Belarus gerettete H\u00fcndin Mavi in ihrer zweiten Heimat Vorarlberg zu besuchen. Steffi k\u00fcmmert sich als Schriftf\u00fchrerin im Verein unter anderem um Social Media, den Webauftritt, Content und technische Angelegenheiten.<\/p>\n\t\t\t\t\t\t\t<\/div>\n\t\t<\/div>\n\t<\/div>\n\t\t\t<\/div>\n\t\t\t\t<\/div>\n\t\t\t\t\t<\/div>\n\t\t<\/div>\n\t\t\t\t\t\t\t<\/div>\n\t\t<\/section>\n\t\t\t\t\t\t\t<\/div>\n\t\t","protected":false},"excerpt":{"rendered":"<p>Das sind wir Wir sind ein ehrenamtliches Team, das mit Herz und Seele im Tierschutz t\u00e4tig ist. Hier erf\u00e4hrst du mehr \u00fcber uns. Robert Leitgeb Obmann Robert Leitgeb ist 42 Jahre alt, Berufsmusiker, gelernter Einzelhandelskaufmann, Hobby-Imker und vieles mehr. Gemeinsam mit seinen Eltern und Geschwistern hat er immer wieder verletzten und verwaisten Tieren geholfen. Ob Eule, Amsel, Katze &#8211; alle&#8230;<\/p>\n","protected":false},"author":1,"featured_media":0,"parent":0,"menu_order":0,"comment_status":"closed","ping_status":"closed","template":"","meta":{"_mi_skip_tracking":false,"_exactmetrics_sitenote_active":false,"_exactmetrics_sitenote_note":"","_exactmetrics_sitenote_category":0,"footnotes":""},"class_list":["post-80","page","type-page","status-publish","hentry"],"_links":{"self":[{"href":"https:\/\/www.xn--tsv-brli-4za.at\/index.php?rest_route=\/wp\/v2\/pages\/80","targetHints":{"allow":["GET"]}}],"collection":[{"href":"https:\/\/www.xn--tsv-brli-4za.at\/index.php?rest_route=\/wp\/v2\/pages"}],"about":[{"href":"https:\/\/www.xn--tsv-brli-4za.at\/index.php?rest_route=\/wp\/v2\/types\/page"}],"author":[{"embeddable":true,"href":"https:\/\/www.xn--tsv-brli-4za.at\/index.php?rest_route=\/wp\/v2\/users\/1"}],"replies":[{"embeddable":true,"href":"https:\/\/www.xn--tsv-brli-4za.at\/index.php?rest_route=%2Fwp%2Fv2%2Fcomments&post=80"}],"version-history":[{"count":33,"href":"https:\/\/www.xn--tsv-brli-4za.at\/index.php?rest_route=\/wp\/v2\/pages\/80\/revisions"}],"predecessor-version":[{"id":1514,"href":"https:\/\/www.xn--tsv-brli-4za.at\/index.php?rest_route=\/wp\/v2\/pages\/80\/revisions\/1514"}],"wp:attachment":[{"href":"https:\/\/www.xn--tsv-brli-4za.at\/index.php?rest_route=%2Fwp%2Fv2%2Fmedia&parent=80"}],"curies":[{"name":"wp","href":"https:\/\/api.w.org\/{rel}","templated":true}]}}