{"id":2,"date":"2016-04-18T12:33:26","date_gmt":"2016-04-18T10:33:26","guid":{"rendered":""},"modified":"2024-05-28T16:38:25","modified_gmt":"2024-05-28T14:38:25","slug":"beispiel-seite","status":"publish","type":"page","link":"https:\/\/www.xn--tsv-brli-4za.at\/","title":{"rendered":"Home"},"content":{"rendered":"<h2>TIERSCHUTZVEREIN B\u00c4RLI<\/h2>\n<p>Wir sind ein Tierschutzverein in Wagna im Bezirk Leibnitz. Seit M\u00e4rz 2016 k\u00fcmmern wir uns insbesondere um Katzen im Inland, die Schutz, Liebe und ein sicheres Zuhause ben\u00f6tigen. Zu unseren gr\u00f6\u00dften Hauptaufgaben z\u00e4hlt vor allem die Aufzucht von Baby-Fundkatzen und deren Weitervermittlung an liebevolle Menschen, die ihnen ein geborgenes Zuhause schenken.<\/p>\n<p>Zudem sind wir ein zuverl\u00e4ssiger Ansprechpartner, wenn es um die Aufkl\u00e4rung \u00fcber Kastrationspflicht, Ern\u00e4hrung sowie die artgerechte Tierhaltung geht. Dar\u00fcber hinaus unterst\u00fctzen wir Personen, die sich um Streunerkatzen k\u00fcmmern und bieten unsere Hilfe all jenen an, die sie ben\u00f6tigen.<\/p>\n<p>\t\t\t<a href=\"https:\/\/www.xn--tsv-brli-4za.at\/?page_id=69\"><br \/>\n\t\t\t\t\t\tTieren helfen<br \/>\n\t\t\t\t\t<\/a><\/p>\n","protected":false},"excerpt":{"rendered":"<p>TIERSCHUTZVEREIN B\u00c4RLI Wir sind ein Tierschutzverein in Wagna im Bezirk Leibnitz. Seit M\u00e4rz 2016 k\u00fcmmern wir uns insbesondere um Katzen im Inland, die Schutz, Liebe und ein sicheres Zuhause ben\u00f6tigen. Zu unseren gr\u00f6\u00dften Hauptaufgaben z\u00e4hlt vor allem die Aufzucht von Baby-Fundkatzen und deren Weitervermittlung an liebevolle Menschen, die ihnen ein geborgenes Zuhause schenken. Zudem sind wir ein zuverl\u00e4ssiger Ansprechpartner, wenn&#8230;<\/p>\n","protected":false},"author":4,"featured_media":0,"parent":0,"menu_order":0,"comment_status":"closed","ping_status":"closed","template":"elementor_theme","meta":{"_mi_skip_tracking":false,"_exactmetrics_sitenote_active":false,"_exactmetrics_sitenote_note":"","_exactmetrics_sitenote_category":0,"footnotes":""},"class_list":["post-2","page","type-page","status-publish","hentry"],"_links":{"self":[{"href":"https:\/\/www.xn--tsv-brli-4za.at\/index.php?rest_route=\/wp\/v2\/pages\/2","targetHints":{"allow":["GET"]}}],"collection":[{"href":"https:\/\/www.xn--tsv-brli-4za.at\/index.php?rest_route=\/wp\/v2\/pages"}],"about":[{"href":"https:\/\/www.xn--tsv-brli-4za.at\/index.php?rest_route=\/wp\/v2\/types\/page"}],"author":[{"embeddable":true,"href":"https:\/\/www.xn--tsv-brli-4za.at\/index.php?rest_route=\/wp\/v2\/users\/4"}],"replies":[{"embeddable":true,"href":"https:\/\/www.xn--tsv-brli-4za.at\/index.php?rest_route=%2Fwp%2Fv2%2Fcomments&post=2"}],"version-history":[{"count":57,"href":"https:\/\/www.xn--tsv-brli-4za.at\/index.php?rest_route=\/wp\/v2\/pages\/2\/revisions"}],"predecessor-version":[{"id":1545,"href":"https:\/\/www.xn--tsv-brli-4za.at\/index.php?rest_route=\/wp\/v2\/pages\/2\/revisions\/1545"}],"wp:attachment":[{"href":"https:\/\/www.xn--tsv-brli-4za.at\/index.php?rest_route=%2Fwp%2Fv2%2Fmedia&parent=2"}],"curies":[{"name":"wp","href":"https:\/\/api.w.org\/{rel}","templated":true}]}}