{"id":174,"date":"2016-06-04T07:50:11","date_gmt":"2016-06-04T05:50:11","guid":{"rendered":"http:\/\/www.xn--tsv-brli-4za.at\/?page_id=174"},"modified":"2023-08-28T08:29:13","modified_gmt":"2023-08-28T06:29:13","slug":"tierpatenschaft","status":"publish","type":"page","link":"https:\/\/www.xn--tsv-brli-4za.at\/?page_id=174","title":{"rendered":"Tierpatenschaft"},"content":{"rendered":"\t\t<div data-elementor-type=\"wp-page\" data-elementor-id=\"174\" class=\"elementor elementor-174\">\n\t\t\t\t\t\t\t\t\t<section class=\"elementor-section elementor-top-section elementor-element elementor-element-a597fbf elementor-section-boxed elementor-section-height-default elementor-section-height-default\" data-id=\"a597fbf\" data-element_type=\"section\">\n\t\t\t\t\t\t<div class=\"elementor-container elementor-column-gap-default\">\n\t\t\t\t\t<div class=\"elementor-column elementor-col-50 elementor-top-column elementor-element elementor-element-ff7a39c\" data-id=\"ff7a39c\" data-element_type=\"column\">\n\t\t\t<div class=\"elementor-widget-wrap elementor-element-populated\">\n\t\t\t\t\t\t\t\t<div class=\"elementor-element elementor-element-dff6766 elementor-widget elementor-widget-text-editor\" data-id=\"dff6766\" data-element_type=\"widget\" data-widget_type=\"text-editor.default\">\n\t\t\t\t<div class=\"elementor-widget-container\">\n\t\t\t<style>\/*! elementor - v3.17.0 - 25-10-2023 *\/\n.elementor-widget-text-editor.elementor-drop-cap-view-stacked .elementor-drop-cap{background-color:#69727d;color:#fff}.elementor-widget-text-editor.elementor-drop-cap-view-framed .elementor-drop-cap{color:#69727d;border:3px solid;background-color:transparent}.elementor-widget-text-editor:not(.elementor-drop-cap-view-default) .elementor-drop-cap{margin-top:8px}.elementor-widget-text-editor:not(.elementor-drop-cap-view-default) .elementor-drop-cap-letter{width:1em;height:1em}.elementor-widget-text-editor .elementor-drop-cap{float:left;text-align:center;line-height:1;font-size:50px}.elementor-widget-text-editor .elementor-drop-cap-letter{display:inline-block}<\/style>\t\t\t\t<h2>Tierpate\/Tierpartin werden und Leben retten<\/h2><p>Immer wieder finden Fundk\u00e4tzchen oder hilfsbed\u00fcrftige Streunerkatzen ihren Weg zu uns. Mit einer Namenspatenschaft von mindestens 25,- \u20ac unterst\u00fctzt du uns dabei, die Tierchen f\u00fcrs erste zu versorgen. Daf\u00fcr darfst du einen Namen f\u00fcr deinen Sch\u00fctzling ausw\u00e4hlen und erh\u00e4ltst als kleines Dankesch\u00f6n eine digitale Urkunde von uns.<\/p><h3>Tiere auf der Suche<\/h3><p>All jene Tiere, die aktuell auf der Suche nach einem Namenspaten\/einer Namenspatin sind, findest du immer auf unserer Facebook-Seite. Schreib uns gerne eine <a href=\"mailto:info@tsv-b\u00e4rli.at\">E-Mail<\/a>, eine <a href=\"https:\/\/www.xn--tsv-brli-4za.at\/?page_id=18\">Nachricht \u00fcbers Kontaktformular<\/a> oder private Nachricht auf Facebook, wenn du Namenspate\/Namenspatin werden m\u00f6chtest!<\/p>\t\t\t\t\t\t<\/div>\n\t\t\t\t<\/div>\n\t\t\t\t\t<\/div>\n\t\t<\/div>\n\t\t\t\t<div class=\"elementor-column elementor-col-50 elementor-top-column elementor-element elementor-element-6924489\" data-id=\"6924489\" data-element_type=\"column\">\n\t\t\t<div class=\"elementor-widget-wrap elementor-element-populated\">\n\t\t\t\t\t\t\t\t<div class=\"elementor-element elementor-element-57c6f8e elementor-widget elementor-widget-html\" data-id=\"57c6f8e\" data-element_type=\"widget\" data-widget_type=\"html.default\">\n\t\t\t\t<div class=\"elementor-widget-container\">\n\t\t\t<iframe loading=\"lazy\" src=\"https:\/\/www.facebook.com\/plugins\/page.php?href=https%3A%2F%2Fwww.facebook.com%2Fprofile.php%3Fid%3D100069448946022&tabs=timeline&width=340&height=500&small_header=true&adapt_container_width=true&hide_cover=false&show_facepile=true&appId=183261838377\" width=\"340\" height=\"500\" style=\"border:none;overflow:hidden\" scrolling=\"no\" frameborder=\"0\" allowfullscreen=\"true\" allow=\"autoplay; clipboard-write; encrypted-media; picture-in-picture; web-share\"><\/iframe>\t\t<\/div>\n\t\t\t\t<\/div>\n\t\t\t\t\t<\/div>\n\t\t<\/div>\n\t\t\t\t\t\t\t<\/div>\n\t\t<\/section>\n\t\t\t\t<section class=\"elementor-section elementor-top-section elementor-element elementor-element-140897c elementor-section-boxed elementor-section-height-default elementor-section-height-default\" data-id=\"140897c\" data-element_type=\"section\">\n\t\t\t\t\t\t<div class=\"elementor-container elementor-column-gap-default\">\n\t\t\t\t\t<div class=\"elementor-column elementor-col-100 elementor-top-column elementor-element elementor-element-0ee9bd0\" data-id=\"0ee9bd0\" data-element_type=\"column\">\n\t\t\t<div class=\"elementor-widget-wrap elementor-element-populated\">\n\t\t\t\t\t\t\t\t<div class=\"elementor-element elementor-element-2ad3982 elementor-arrows-position-inside elementor-pagination-position-outside elementor-widget elementor-widget-image-carousel\" data-id=\"2ad3982\" data-element_type=\"widget\" data-settings=\"{&quot;navigation&quot;:&quot;both&quot;,&quot;autoplay&quot;:&quot;yes&quot;,&quot;pause_on_hover&quot;:&quot;yes&quot;,&quot;pause_on_interaction&quot;:&quot;yes&quot;,&quot;autoplay_speed&quot;:5000,&quot;infinite&quot;:&quot;yes&quot;,&quot;speed&quot;:500}\" data-widget_type=\"image-carousel.default\">\n\t\t\t\t<div class=\"elementor-widget-container\">\n\t\t\t<style>\/*! elementor - v3.17.0 - 25-10-2023 *\/\n.elementor-widget-image-carousel .swiper,.elementor-widget-image-carousel .swiper-container{position:static}.elementor-widget-image-carousel .swiper-container .swiper-slide figure,.elementor-widget-image-carousel .swiper .swiper-slide figure{line-height:inherit}.elementor-widget-image-carousel .swiper-slide{text-align:center}.elementor-image-carousel-wrapper:not(.swiper-container-initialized):not(.swiper-initialized) .swiper-slide{max-width:calc(100% \/ var(--e-image-carousel-slides-to-show, 3))}<\/style>\t\t<div class=\"elementor-image-carousel-wrapper swiper\" dir=\"ltr\">\n\t\t\t<div class=\"elementor-image-carousel swiper-wrapper\" aria-live=\"off\">\n\t\t\t\t\t\t\t\t<div class=\"swiper-slide\" role=\"group\" aria-roledescription=\"slide\" aria-label=\"1 von 4\"><figure class=\"swiper-slide-inner\"><img decoding=\"async\" class=\"swiper-slide-image\" src=\"https:\/\/www.xn--tsv-brli-4za.at\/wp-content\/uploads\/2016\/10\/Rosi-300x300.jpg\" alt=\"rosi\" \/><\/figure><\/div><div class=\"swiper-slide\" role=\"group\" aria-roledescription=\"slide\" aria-label=\"2 von 4\"><figure class=\"swiper-slide-inner\"><img decoding=\"async\" class=\"swiper-slide-image\" src=\"https:\/\/www.xn--tsv-brli-4za.at\/wp-content\/uploads\/2016\/09\/neu3-300x300.jpg\" alt=\"neu3\" \/><\/figure><\/div><div class=\"swiper-slide\" role=\"group\" aria-roledescription=\"slide\" aria-label=\"3 von 4\"><figure class=\"swiper-slide-inner\"><img decoding=\"async\" class=\"swiper-slide-image\" src=\"https:\/\/www.xn--tsv-brli-4za.at\/wp-content\/uploads\/2016\/06\/IMG_20160616_141213-300x300.jpg\" alt=\"IMG_20160616_141213\" \/><\/figure><\/div><div class=\"swiper-slide\" role=\"group\" aria-roledescription=\"slide\" aria-label=\"4 von 4\"><figure class=\"swiper-slide-inner\"><img decoding=\"async\" class=\"swiper-slide-image\" src=\"https:\/\/www.xn--tsv-brli-4za.at\/wp-content\/uploads\/2016\/06\/IMG_20160616_140404-300x300.jpg\" alt=\"IMG_20160616_140404\" \/><\/figure><\/div>\t\t\t<\/div>\n\t\t\t\t\t\t\t\t\t\t\t\t<div class=\"elementor-swiper-button elementor-swiper-button-prev\" role=\"button\" tabindex=\"0\">\n\t\t\t\t\t\t<i aria-hidden=\"true\" class=\"eicon-chevron-left\"><\/i>\t\t\t\t\t<\/div>\n\t\t\t\t\t<div class=\"elementor-swiper-button elementor-swiper-button-next\" role=\"button\" tabindex=\"0\">\n\t\t\t\t\t\t<i aria-hidden=\"true\" class=\"eicon-chevron-right\"><\/i>\t\t\t\t\t<\/div>\n\t\t\t\t\n\t\t\t\t\t\t\t\t\t<div class=\"swiper-pagination\"><\/div>\n\t\t\t\t\t\t\t\t\t<\/div>\n\t\t\t\t<\/div>\n\t\t\t\t<\/div>\n\t\t\t\t<div class=\"elementor-element elementor-element-a8c161c elementor-widget elementor-widget-text-editor\" data-id=\"a8c161c\" data-element_type=\"widget\" data-widget_type=\"text-editor.default\">\n\t\t\t\t<div class=\"elementor-widget-container\">\n\t\t\t\t\t\t\t<p><em>All diese s\u00fc\u00dfen K\u00e4tzchen haben bereits ein liebevolles Zuhause gefunden und sind nicht mehr auf der Suche \ud83d\ude42<\/em><\/p>\t\t\t\t\t\t<\/div>\n\t\t\t\t<\/div>\n\t\t\t\t\t<\/div>\n\t\t<\/div>\n\t\t\t\t\t\t\t<\/div>\n\t\t<\/section>\n\t\t\t\t\t\t\t<\/div>\n\t\t","protected":false},"excerpt":{"rendered":"<p>Tierpate\/Tierpartin werden und Leben retten Immer wieder finden Fundk\u00e4tzchen oder hilfsbed\u00fcrftige Streunerkatzen ihren Weg zu uns. Mit einer Namenspatenschaft von mindestens 25,- \u20ac unterst\u00fctzt du uns dabei, die Tierchen f\u00fcrs erste zu versorgen. Daf\u00fcr darfst du einen Namen f\u00fcr deinen Sch\u00fctzling ausw\u00e4hlen und erh\u00e4ltst als kleines Dankesch\u00f6n eine digitale Urkunde von uns. Tiere auf der Suche All jene Tiere, die&#8230;<\/p>\n","protected":false},"author":1,"featured_media":0,"parent":0,"menu_order":0,"comment_status":"closed","ping_status":"closed","template":"","meta":{"_mi_skip_tracking":false,"_exactmetrics_sitenote_active":false,"_exactmetrics_sitenote_note":"","_exactmetrics_sitenote_category":0,"footnotes":""},"class_list":["post-174","page","type-page","status-publish","hentry"],"_links":{"self":[{"href":"https:\/\/www.xn--tsv-brli-4za.at\/index.php?rest_route=\/wp\/v2\/pages\/174","targetHints":{"allow":["GET"]}}],"collection":[{"href":"https:\/\/www.xn--tsv-brli-4za.at\/index.php?rest_route=\/wp\/v2\/pages"}],"about":[{"href":"https:\/\/www.xn--tsv-brli-4za.at\/index.php?rest_route=\/wp\/v2\/types\/page"}],"author":[{"embeddable":true,"href":"https:\/\/www.xn--tsv-brli-4za.at\/index.php?rest_route=\/wp\/v2\/users\/1"}],"replies":[{"embeddable":true,"href":"https:\/\/www.xn--tsv-brli-4za.at\/index.php?rest_route=%2Fwp%2Fv2%2Fcomments&post=174"}],"version-history":[{"count":13,"href":"https:\/\/www.xn--tsv-brli-4za.at\/index.php?rest_route=\/wp\/v2\/pages\/174\/revisions"}],"predecessor-version":[{"id":1482,"href":"https:\/\/www.xn--tsv-brli-4za.at\/index.php?rest_route=\/wp\/v2\/pages\/174\/revisions\/1482"}],"wp:attachment":[{"href":"https:\/\/www.xn--tsv-brli-4za.at\/index.php?rest_route=%2Fwp%2Fv2%2Fmedia&parent=174"}],"curies":[{"name":"wp","href":"https:\/\/api.w.org\/{rel}","templated":true}]}}